{"id":6,"date":"2025-02-27T09:41:46","date_gmt":"2025-02-27T08:41:46","guid":{"rendered":"http:\/\/predes.local:9080\/?page_id=6"},"modified":"2025-02-27T10:00:11","modified_gmt":"2025-02-27T09:00:11","slug":"maintenance-page","status":"publish","type":"page","link":"https:\/\/predes.es\/","title":{"rendered":"Maintenance Page"},"content":{"rendered":"\n<div id=\"wp-block-themeisle-blocks-advanced-columns-38fdf81c\" class=\"wp-block-themeisle-blocks-advanced-columns alignfull has-2-columns has-desktop-equal-layout has-tablet-collapsedRows-layout has-mobile-collapsedRows-layout has-vertical-center has-dark-bg\"><div class=\"wp-block-themeisle-blocks-advanced-columns-overlay\"><\/div><div class=\"innerblocks-wrap\">\n<div id=\"wp-block-themeisle-blocks-advanced-column-0a1b5b8c\" class=\"wp-block-themeisle-blocks-advanced-column\">\n<figure class=\"wp-block-image size-full is-resized\"><img decoding=\"async\" src=\"https:\/\/demosites.io\/otter\/wp-content\/uploads\/sites\/664\/2022\/09\/placeholder-img-21-1.png\" alt=\"\" class=\"wp-image-388\" style=\"width:522px;height:360px\"\/><\/figure>\n<\/div>\n\n\n\n<div id=\"wp-block-themeisle-blocks-advanced-column-efa311e1\" class=\"wp-block-themeisle-blocks-advanced-column\">\n<h1 id=\"wp-block-themeisle-blocks-advanced-heading-341a26ad\" class=\"wp-block-themeisle-blocks-advanced-heading wp-block-themeisle-blocks-advanced-heading-341a26ad\">Plataforma Red de Entidades Sociales &#8211; PREDES<\/h1>\n\n\n\n<h3 id=\"wp-block-themeisle-blocks-advanced-heading-ba3a930f\" class=\"wp-block-themeisle-blocks-advanced-heading wp-block-themeisle-blocks-advanced-heading-ba3a930f\">PREDES es una plataforma web destinada a la colaboraci\u00f3n entre las diferentes entidades sociales que prestan ayuda y\/o servicios sociales a los ciudadanos en el municipio.<\/h3>\n\n\n\n<h3 id=\"wp-block-themeisle-blocks-advanced-heading-34533b18\" class=\"wp-block-themeisle-blocks-advanced-heading wp-block-themeisle-blocks-advanced-heading-34533b18\"><strong>Estamos terminando de construir nuestra web para que puedas conocer m\u00e1s sobre nuestro proyecto, si quieres que te enviemos m\u00e1s informaci\u00f3n puedes contactarnos por el momento en el email <a href=\"mailto:hola@predes.es\">hola@predes.es<\/a><\/strong><\/h3>\n\n\n\n<p><\/p>\n<\/div>\n<\/div><\/div>\n","protected":false},"excerpt":{"rendered":"","protected":false},"author":1,"featured_media":0,"parent":0,"menu_order":0,"comment_status":"closed","ping_status":"closed","template":"templates\/wpmm-page-template.php","meta":{"_themeisle_gutenberg_block_has_review":false,"footnotes":""},"class_list":["post-6","page","type-page","status-publish","hentry"],"_links":{"self":[{"href":"https:\/\/predes.es\/index.php?rest_route=\/wp\/v2\/pages\/6","targetHints":{"allow":["GET"]}}],"collection":[{"href":"https:\/\/predes.es\/index.php?rest_route=\/wp\/v2\/pages"}],"about":[{"href":"https:\/\/predes.es\/index.php?rest_route=\/wp\/v2\/types\/page"}],"author":[{"embeddable":true,"href":"https:\/\/predes.es\/index.php?rest_route=\/wp\/v2\/users\/1"}],"replies":[{"embeddable":true,"href":"https:\/\/predes.es\/index.php?rest_route=%2Fwp%2Fv2%2Fcomments&post=6"}],"version-history":[{"count":4,"href":"https:\/\/predes.es\/index.php?rest_route=\/wp\/v2\/pages\/6\/revisions"}],"predecessor-version":[{"id":13,"href":"https:\/\/predes.es\/index.php?rest_route=\/wp\/v2\/pages\/6\/revisions\/13"}],"wp:attachment":[{"href":"https:\/\/predes.es\/index.php?rest_route=%2Fwp%2Fv2%2Fmedia&parent=6"}],"curies":[{"name":"wp","href":"https:\/\/api.w.org\/{rel}","templated":true}]}}